{"id":2,"date":"2023-04-18T07:51:13","date_gmt":"2023-04-18T07:51:13","guid":{"rendered":"https:\/\/rindlewiesefest.de\/?page_id=2"},"modified":"2023-04-18T10:13:06","modified_gmt":"2023-04-18T10:13:06","slug":"sample-page","status":"publish","type":"page","link":"https:\/\/www.rindlewiesefest.de\/?page_id=2","title":{"rendered":"Impressum"},"content":{"rendered":"\n<p>RWF GbR<br>J\u00fcrgen Dillmann<br>Mittelm\u00fchle 1<br>88079 Kressbronn<br><a href=\"mailto: info@rindlewiesefest.de\">info@rindlewiesfest.de<\/a><\/p>\n\n\n\n<h2 class=\"wp-block-heading\">Haftungshinweis<\/h2>\n\n\n\n<p>Die Inhalte unserer Seiten wurden mit gr\u00f6\u00dfter Sorgfalt erstellt. F\u00fcr die Richtigkeit, Vollst\u00e4ndigkeit und Aktualit\u00e4t der Inhalte k\u00f6nnen wir jedoch keine Gew\u00e4hr \u00dcbernehmen. Trotz sorgf\u00e4ltiger inhaltlicher Kontrolle \u00dcbernehmen wir keine Haftung f\u00fcr die Inhalte externer Links. F\u00fcr den Inhalt der verlinkten Seiten sind ausschlie\u00dflich deren Betreiber verantwortlich.<\/p>\n\n\n\n<p>Dieses Impressum gilt auch f\u00fcr Facebook\u00a0<a href=\"https:\/\/www.facebook.com\/rindlewiesefest\">https:\/\/www.facebook.com\/rindlewiesefest<\/a> und Instagram <a href=\"https:\/\/www.instagram.com\/rindlewiesefest\">https:\/\/www.instagram.com\/rindlewiesefest<\/a><\/p>\n","protected":false},"excerpt":{"rendered":"<p>RWF GbRJ\u00fcrgen DillmannMittelm\u00fchle 188079 Kressbronninfo@rindlewiesfest.de Haftungshinweis Die Inhalte unserer Seiten wurden mit gr\u00f6\u00dfter Sorgfalt erstellt. F\u00fcr die Richtigkeit, Vollst\u00e4ndigkeit und Aktualit\u00e4t der Inhalte k\u00f6nnen wir jedoch keine Gew\u00e4hr \u00dcbernehmen. Trotz sorgf\u00e4ltiger inhaltlicher Kontrolle \u00dcbernehmen wir keine Haftung f\u00fcr die Inhalte externer Links. F\u00fcr den Inhalt der verlinkten Seiten sind ausschlie\u00dflich deren Betreiber verantwortlich. Dieses Impressum [&hellip;]<\/p>\n","protected":false},"author":1,"featured_media":0,"parent":0,"menu_order":0,"comment_status":"closed","ping_status":"open","template":"","meta":{"footnotes":""},"class_list":["post-2","page","type-page","status-publish","hentry"],"yoast_head":"<!-- This site is optimized with the Yoast SEO plugin v27.3 - https:\/\/yoast.com\/product\/yoast-seo-wordpress\/ -->\n<title>Impressum - Rindlewiesefest<\/title>\n<meta name=\"robots\" content=\"index, follow, max-snippet:-1, max-image-preview:large, max-video-preview:-1\" \/>\n<link rel=\"canonical\" href=\"https:\/\/www.rindlewiesefest.de\/?page_id=2\" \/>\n<meta property=\"og:locale\" content=\"de_DE\" \/>\n<meta property=\"og:type\" content=\"article\" \/>\n<meta property=\"og:title\" content=\"Impressum - Rindlewiesefest\" \/>\n<meta property=\"og:description\" content=\"RWF GbRJ\u00fcrgen DillmannMittelm\u00fchle 188079 Kressbronninfo@rindlewiesfest.de Haftungshinweis Die Inhalte unserer Seiten wurden mit gr\u00f6\u00dfter Sorgfalt erstellt. F\u00fcr die Richtigkeit, Vollst\u00e4ndigkeit und Aktualit\u00e4t der Inhalte k\u00f6nnen wir jedoch keine Gew\u00e4hr \u00dcbernehmen. Trotz sorgf\u00e4ltiger inhaltlicher Kontrolle \u00dcbernehmen wir keine Haftung f\u00fcr die Inhalte externer Links. F\u00fcr den Inhalt der verlinkten Seiten sind ausschlie\u00dflich deren Betreiber verantwortlich. Dieses Impressum [&hellip;]\" \/>\n<meta property=\"og:url\" content=\"https:\/\/www.rindlewiesefest.de\/?page_id=2\" \/>\n<meta property=\"og:site_name\" content=\"Rindlewiesefest\" \/>\n<meta property=\"article:publisher\" content=\"https:\/\/www.facebook.com\/rindlewiesefest\" \/>\n<meta property=\"article:modified_time\" content=\"2023-04-18T10:13:06+00:00\" \/>\n<meta name=\"twitter:card\" content=\"summary_large_image\" \/>\n<script type=\"application\/ld+json\" class=\"yoast-schema-graph\">{\"@context\":\"https:\\\/\\\/schema.org\",\"@graph\":[{\"@type\":\"WebPage\",\"@id\":\"https:\\\/\\\/www.rindlewiesefest.de\\\/?page_id=2\",\"url\":\"https:\\\/\\\/www.rindlewiesefest.de\\\/?page_id=2\",\"name\":\"Impressum - Rindlewiesefest\",\"isPartOf\":{\"@id\":\"https:\\\/\\\/www.rindlewiesefest.de\\\/#website\"},\"datePublished\":\"2023-04-18T07:51:13+00:00\",\"dateModified\":\"2023-04-18T10:13:06+00:00\",\"breadcrumb\":{\"@id\":\"https:\\\/\\\/www.rindlewiesefest.de\\\/?page_id=2#breadcrumb\"},\"inLanguage\":\"de\",\"potentialAction\":[{\"@type\":\"ReadAction\",\"target\":[\"https:\\\/\\\/www.rindlewiesefest.de\\\/?page_id=2\"]}]},{\"@type\":\"BreadcrumbList\",\"@id\":\"https:\\\/\\\/www.rindlewiesefest.de\\\/?page_id=2#breadcrumb\",\"itemListElement\":[{\"@type\":\"ListItem\",\"position\":1,\"name\":\"Startseite\",\"item\":\"https:\\\/\\\/www.rindlewiesefest.de\\\/\"},{\"@type\":\"ListItem\",\"position\":2,\"name\":\"Impressum\"}]},{\"@type\":\"WebSite\",\"@id\":\"https:\\\/\\\/www.rindlewiesefest.de\\\/#website\",\"url\":\"https:\\\/\\\/www.rindlewiesefest.de\\\/\",\"name\":\"Rindlewiesefest\",\"description\":\"20.06.2026 \\\/\\\/ Oberdorf\",\"publisher\":{\"@id\":\"https:\\\/\\\/www.rindlewiesefest.de\\\/#organization\"},\"potentialAction\":[{\"@type\":\"SearchAction\",\"target\":{\"@type\":\"EntryPoint\",\"urlTemplate\":\"https:\\\/\\\/www.rindlewiesefest.de\\\/?s={search_term_string}\"},\"query-input\":{\"@type\":\"PropertyValueSpecification\",\"valueRequired\":true,\"valueName\":\"search_term_string\"}}],\"inLanguage\":\"de\"},{\"@type\":\"Organization\",\"@id\":\"https:\\\/\\\/www.rindlewiesefest.de\\\/#organization\",\"name\":\"Rindlewiesefest\",\"url\":\"https:\\\/\\\/www.rindlewiesefest.de\\\/\",\"logo\":{\"@type\":\"ImageObject\",\"inLanguage\":\"de\",\"@id\":\"https:\\\/\\\/www.rindlewiesefest.de\\\/#\\\/schema\\\/logo\\\/image\\\/\",\"url\":\"https:\\\/\\\/www.rindlewiesefest.de\\\/wp-content\\\/uploads\\\/2023\\\/04\\\/cropped-2022-07-02_plakat-a2_rindlewiesefest-scaled-1.jpg\",\"contentUrl\":\"https:\\\/\\\/www.rindlewiesefest.de\\\/wp-content\\\/uploads\\\/2023\\\/04\\\/cropped-2022-07-02_plakat-a2_rindlewiesefest-scaled-1.jpg\",\"width\":512,\"height\":512,\"caption\":\"Rindlewiesefest\"},\"image\":{\"@id\":\"https:\\\/\\\/www.rindlewiesefest.de\\\/#\\\/schema\\\/logo\\\/image\\\/\"},\"sameAs\":[\"https:\\\/\\\/www.facebook.com\\\/rindlewiesefest\",\"https:\\\/\\\/www.instagram.com\\\/rindlewiesefest\"]}]}<\/script>\n<!-- \/ Yoast SEO plugin. -->","yoast_head_json":{"title":"Impressum - Rindlewiesefest","robots":{"index":"index","follow":"follow","max-snippet":"max-snippet:-1","max-image-preview":"max-image-preview:large","max-video-preview":"max-video-preview:-1"},"canonical":"https:\/\/www.rindlewiesefest.de\/?page_id=2","og_locale":"de_DE","og_type":"article","og_title":"Impressum - Rindlewiesefest","og_description":"RWF GbRJ\u00fcrgen DillmannMittelm\u00fchle 188079 Kressbronninfo@rindlewiesfest.de Haftungshinweis Die Inhalte unserer Seiten wurden mit gr\u00f6\u00dfter Sorgfalt erstellt. F\u00fcr die Richtigkeit, Vollst\u00e4ndigkeit und Aktualit\u00e4t der Inhalte k\u00f6nnen wir jedoch keine Gew\u00e4hr \u00dcbernehmen. Trotz sorgf\u00e4ltiger inhaltlicher Kontrolle \u00dcbernehmen wir keine Haftung f\u00fcr die Inhalte externer Links. F\u00fcr den Inhalt der verlinkten Seiten sind ausschlie\u00dflich deren Betreiber verantwortlich. Dieses Impressum [&hellip;]","og_url":"https:\/\/www.rindlewiesefest.de\/?page_id=2","og_site_name":"Rindlewiesefest","article_publisher":"https:\/\/www.facebook.com\/rindlewiesefest","article_modified_time":"2023-04-18T10:13:06+00:00","twitter_card":"summary_large_image","schema":{"@context":"https:\/\/schema.org","@graph":[{"@type":"WebPage","@id":"https:\/\/www.rindlewiesefest.de\/?page_id=2","url":"https:\/\/www.rindlewiesefest.de\/?page_id=2","name":"Impressum - Rindlewiesefest","isPartOf":{"@id":"https:\/\/www.rindlewiesefest.de\/#website"},"datePublished":"2023-04-18T07:51:13+00:00","dateModified":"2023-04-18T10:13:06+00:00","breadcrumb":{"@id":"https:\/\/www.rindlewiesefest.de\/?page_id=2#breadcrumb"},"inLanguage":"de","potentialAction":[{"@type":"ReadAction","target":["https:\/\/www.rindlewiesefest.de\/?page_id=2"]}]},{"@type":"BreadcrumbList","@id":"https:\/\/www.rindlewiesefest.de\/?page_id=2#breadcrumb","itemListElement":[{"@type":"ListItem","position":1,"name":"Startseite","item":"https:\/\/www.rindlewiesefest.de\/"},{"@type":"ListItem","position":2,"name":"Impressum"}]},{"@type":"WebSite","@id":"https:\/\/www.rindlewiesefest.de\/#website","url":"https:\/\/www.rindlewiesefest.de\/","name":"Rindlewiesefest","description":"20.06.2026 \/\/ Oberdorf","publisher":{"@id":"https:\/\/www.rindlewiesefest.de\/#organization"},"potentialAction":[{"@type":"SearchAction","target":{"@type":"EntryPoint","urlTemplate":"https:\/\/www.rindlewiesefest.de\/?s={search_term_string}"},"query-input":{"@type":"PropertyValueSpecification","valueRequired":true,"valueName":"search_term_string"}}],"inLanguage":"de"},{"@type":"Organization","@id":"https:\/\/www.rindlewiesefest.de\/#organization","name":"Rindlewiesefest","url":"https:\/\/www.rindlewiesefest.de\/","logo":{"@type":"ImageObject","inLanguage":"de","@id":"https:\/\/www.rindlewiesefest.de\/#\/schema\/logo\/image\/","url":"https:\/\/www.rindlewiesefest.de\/wp-content\/uploads\/2023\/04\/cropped-2022-07-02_plakat-a2_rindlewiesefest-scaled-1.jpg","contentUrl":"https:\/\/www.rindlewiesefest.de\/wp-content\/uploads\/2023\/04\/cropped-2022-07-02_plakat-a2_rindlewiesefest-scaled-1.jpg","width":512,"height":512,"caption":"Rindlewiesefest"},"image":{"@id":"https:\/\/www.rindlewiesefest.de\/#\/schema\/logo\/image\/"},"sameAs":["https:\/\/www.facebook.com\/rindlewiesefest","https:\/\/www.instagram.com\/rindlewiesefest"]}]}},"_links":{"self":[{"href":"https:\/\/www.rindlewiesefest.de\/index.php?rest_route=\/wp\/v2\/pages\/2","targetHints":{"allow":["GET"]}}],"collection":[{"href":"https:\/\/www.rindlewiesefest.de\/index.php?rest_route=\/wp\/v2\/pages"}],"about":[{"href":"https:\/\/www.rindlewiesefest.de\/index.php?rest_route=\/wp\/v2\/types\/page"}],"author":[{"embeddable":true,"href":"https:\/\/www.rindlewiesefest.de\/index.php?rest_route=\/wp\/v2\/users\/1"}],"replies":[{"embeddable":true,"href":"https:\/\/www.rindlewiesefest.de\/index.php?rest_route=%2Fwp%2Fv2%2Fcomments&post=2"}],"version-history":[{"count":4,"href":"https:\/\/www.rindlewiesefest.de\/index.php?rest_route=\/wp\/v2\/pages\/2\/revisions"}],"predecessor-version":[{"id":55,"href":"https:\/\/www.rindlewiesefest.de\/index.php?rest_route=\/wp\/v2\/pages\/2\/revisions\/55"}],"wp:attachment":[{"href":"https:\/\/www.rindlewiesefest.de\/index.php?rest_route=%2Fwp%2Fv2%2Fmedia&parent=2"}],"curies":[{"name":"wp","href":"https:\/\/api.w.org\/{rel}","templated":true}]}}